{"id":1039,"date":"2023-08-07T12:00:47","date_gmt":"2023-08-07T10:00:47","guid":{"rendered":"https:\/\/oji.fundacion-sm.org\/politica-de-cookies\/"},"modified":"2024-02-20T13:20:05","modified_gmt":"2024-02-20T11:20:05","slug":"politica-de-cookies","status":"publish","type":"page","link":"https:\/\/oji.fundacion-sm.org\/pt-br\/politica-de-cookies\/","title":{"rendered":"Pol\u00edtica de cookies"},"content":{"rendered":"\t\t<div data-elementor-type=\"wp-page\" data-elementor-id=\"1039\" class=\"elementor elementor-1039 elementor-592\" data-elementor-post-type=\"page\">\n\t\t\t\t\t\t<section class=\"elementor-section elementor-top-section elementor-element elementor-element-33ee305 elementor-section-full_width elementor-section-height-default elementor-section-height-default\" data-id=\"33ee305\" data-element_type=\"section\">\n\t\t\t\t\t\t<div class=\"elementor-container elementor-column-gap-default\">\n\t\t\t\t\t<div class=\"elementor-column elementor-col-100 elementor-top-column elementor-element elementor-element-97d0394\" data-id=\"97d0394\" data-element_type=\"column\">\n\t\t\t<div class=\"elementor-widget-wrap elementor-element-populated\">\n\t\t\t\t\t\t<div class=\"elementor-element elementor-element-a70f65c elementor-widget elementor-widget-bloque-cabecera-menu\" data-id=\"a70f65c\" data-element_type=\"widget\" data-widget_type=\"bloque-cabecera-menu.default\">\n\t\t\t\t<div class=\"elementor-widget-container\">\n\t\t\t\t\t<header class=\"header normal\">\n    <div id=\"sticky_header\" class=\"no-sticky\">\n        <div class=\"container\">\n            <div class=\"row\">\n                <div class=\"col-12 d-flex justify-content-between align-items-center\">\n                    <div class=\"logo \">\n                        <a href=\"https:\/\/oji.fundacion-sm.org\/pt-br\/\" class=\"custom-logo-link\" rel=\"home\"><img fetchpriority=\"high\" decoding=\"async\" width=\"590\" height=\"90\" src=\"https:\/\/oji.fundacion-sm.org\/wp-content\/uploads\/sites\/4\/2023\/11\/oji-logo-portugues.png\" class=\"custom-logo\" alt=\"Logotipo do Observat\u00f3rio da Juventude na Ibero-Am\u00e9rica (OJI)\" srcset=\"https:\/\/oji.fundacion-sm.org\/wp-content\/uploads\/sites\/4\/2023\/11\/oji-logo-portugues.png 590w, https:\/\/oji.fundacion-sm.org\/wp-content\/uploads\/sites\/4\/2023\/11\/oji-logo-portugues-300x46.png 300w\" sizes=\"(max-width: 590px) 100vw, 590px\" \/><\/a>                                            <\/div>\n                    <div class=\"menu-header\">\n                        \n\n                                                <div class=\"btn-header\" id=\"openSearch\" title=\"Buscar\">\n                            <i class=\"far fa-search\"><\/i>\n                            <i class=\"far fa-times hidden\"><\/i>\n                        <\/div>\n                        \n                                                <div id=\"nav-menu\" data-target=\"#main_menu\" data-toggle=\"collapse\" class=\"navbar-toggle openMenu\">\n                          <span><\/span>\n                          <span><\/span>\n                          <span><\/span>\n                          <span><\/span>\n                        <\/div>\n                                            <\/div>\n                                            <!-- MEGAMENU -->\n                        <div class=\"megamenu\">\n                            <div class=\"container\">\n                            <div id=\"cerrarmenu\" class=\"boton-cerrar\"><i class=\"fal fa-times\"><\/i><\/div>\n                            <ul id=\"menu-menu-principal\" class=\"dropdown-menu\" itemscope itemtype=\"http:\/\/www.schema.org\/SiteNavigationElement\"><li  id=\"menu-item-40\" class=\"menu-item menu-item-type-post_type menu-item-object-page menu-item-40 nav-item\"><a itemprop=\"url\" href=\"https:\/\/oji.fundacion-sm.org\/sobre-nosotros\/\" class=\"nav-link\"><span itemprop=\"name\">Sobre nosotros<\/span><\/a><\/li>\n<li  id=\"menu-item-29\" class=\"menu-item menu-item-type-taxonomy menu-item-object-category menu-item-29 nav-item\"><a itemprop=\"url\" href=\"https:\/\/oji.fundacion-sm.org\/descifrando-la-juventud\/\" class=\"nav-link\"><span itemprop=\"name\">Descifrando la juventud<\/span><\/a><\/li>\n<li  id=\"menu-item-30\" class=\"menu-item menu-item-type-taxonomy menu-item-object-category menu-item-30 nav-item\"><a itemprop=\"url\" href=\"https:\/\/oji.fundacion-sm.org\/en-el-foco\/\" class=\"nav-link\"><span itemprop=\"name\">En el foco<\/span><\/a><\/li>\n<li  id=\"menu-item-31\" class=\"menu-item menu-item-type-taxonomy menu-item-object-category menu-item-31 nav-item\"><a itemprop=\"url\" href=\"https:\/\/oji.fundacion-sm.org\/nuestros-estudios\/\" class=\"nav-link\"><span itemprop=\"name\">Nuestros estudios<\/span><\/a><\/li>\n<li  id=\"menu-item-32\" class=\"menu-item menu-item-type-taxonomy menu-item-object-category menu-item-32 nav-item\"><a itemprop=\"url\" href=\"https:\/\/oji.fundacion-sm.org\/otros-estudios\/\" class=\"nav-link\"><span itemprop=\"name\">Otros estudios<\/span><\/a><\/li>\n<li  id=\"menu-item-33\" class=\"menu-item menu-item-type-taxonomy menu-item-object-category menu-item-33 nav-item\"><a itemprop=\"url\" href=\"https:\/\/oji.fundacion-sm.org\/videoteca\/\" class=\"nav-link\"><span itemprop=\"name\">Videoteca<\/span><\/a><\/li>\n<li  id=\"menu-item-34\" class=\"menu-item menu-item-type-taxonomy menu-item-object-category menu-item-34 nav-item\"><a itemprop=\"url\" href=\"https:\/\/oji.fundacion-sm.org\/actualidad\/\" class=\"nav-link\"><span itemprop=\"name\">Actualidad<\/span><\/a><\/li>\n<li  id=\"menu-item-39\" class=\"menu-item menu-item-type-post_type menu-item-object-page menu-item-39 nav-item\"><a itemprop=\"url\" href=\"https:\/\/oji.fundacion-sm.org\/contacto\/\" class=\"nav-link\"><span itemprop=\"name\">Contacto<\/span><\/a><\/li>\n<li  id=\"menu-item-wpml-ls-20-es\" class=\"menu-item wpml-ls-slot-20 wpml-ls-item wpml-ls-item-es wpml-ls-menu-item wpml-ls-first-item wpml-ls-last-item menu-item-type-wpml_ls_menu_item menu-item-object-wpml_ls_menu_item menu-item-wpml-ls-20-es nav-item\"><a title=\"Mudar para Espa\u00f1ol\" itemprop=\"url\" href=\"https:\/\/oji.fundacion-sm.org\/\" class=\"nav-link\" aria-label=\"Mudar para Espa\u00f1ol\" role=\"menuitem\"><span itemprop=\"name\"><span class=\"wpml-ls-native\" lang=\"es\">Espa\u00f1ol<\/span><\/span><\/a><\/li>\n<\/ul>                            <\/div>\n                        <\/div>\n                                    <\/div>\n            <\/div>    \n        <\/div>\n                <div class=\"buscador-modal\">\n            <div class=\"container\">\n                <form action=\"https:\/\/oji.fundacion-sm.org\/pt-br\/\" method=\"get\">\n                    <div class=\"input-group\">\n                      <input type=\"text\" name=\"s\" id=\"s\" class=\"form-control\" placeholder=\"O que voc\u00ea est\u00e1 buscando?\">\n                      <div class=\"input-group-append\">\n                        <button class=\"btn btn-outline-secondary\" type=\"submit\" title=\"Procurar\" aria-label=\"Procurar\"><i class=\"far fa-search\"><\/i><\/button>\n                      <\/div>\n                    <\/div>\n                <\/form>\n            <\/div>\n        <\/div>\n            <\/div>\n<\/header>\t\t\t\t<\/div>\n\t\t\t\t<\/div>\n\t\t\t\t<div class=\"elementor-element elementor-element-c77c840 elementor-widget elementor-widget-bloque-cabecera-texto\" data-id=\"c77c840\" data-element_type=\"widget\" data-widget_type=\"bloque-cabecera-texto.default\">\n\t\t\t\t<div class=\"elementor-widget-container\">\n\t\t\t\t\t<!-- Texto cabecera texto-->\n<div class=\"ruta-de-migas\">\n    <div class=\"container\">\n            <div data-aos=\"fade-right\" data-aos-duration=\"700\"><ol class=\"breadcrumb\"><li><a href=\"https:\/\/oji.fundacion-sm.org\/pt-br\/\">Home<\/a><\/li><\/ol><\/div>        <\/div>\n<\/div>\n<section class=\"bloque bloque-cabecera-texto \">\n    <div class=\"container\">\n        <h1 class=\"titulos\" data-aos=\"fade-left\" data-aos-duration=\"700\">Pol\u00edtica de cookies<\/h1>    <\/div>\n<\/section>\t\t\t\t<\/div>\n\t\t\t\t<\/div>\n\t\t\t\t<div class=\"elementor-element elementor-element-aa970f5 elementor-widget elementor-widget-bloque-texto\" data-id=\"aa970f5\" data-element_type=\"widget\" data-widget_type=\"bloque-texto.default\">\n\t\t\t\t<div class=\"elementor-widget-container\">\n\t\t\t\t\t<!-- Texto -->\n<section class=\"bloque bloque-texto  \">\n    <div class=\"container\">\n                <div class=\"row\">\n            <div class=\"col-12 col-lg-8 offset-lg-3\">\n                <div class=\"the_content\" data-aos=\"fade-up\" data-aos-duration=\"700\">\n                                        <p><script id=\"admindpo\" src=\"https:\/\/admindpo.grupo-sm.com\/dpoclient_v2.min.js\" data-baseurl=\"https:\/\/admindpo.grupo-sm.com\" data-sitename=\"cookiefirst-general\" data-document-type=\"cookies-policy\" data-language=\"pt\"><\/script><\/p>\n<div id=\"cookiefirst-policy-page\"> <\/div>\n                <\/div>\n            <\/div>\n        <\/div>\n    <\/div>\n<\/section>\t\t\t\t<\/div>\n\t\t\t\t<\/div>\n\t\t\t\t\t<\/div>\n\t\t<\/div>\n\t\t\t\t\t<\/div>\n\t\t<\/section>\n\t\t\t\t<\/div>\n\t\t","protected":false},"excerpt":{"rendered":"<p>Sobre nosotros Decifrando a juventude Em foco Nossos estudos Outros estudos Biblioteca de v\u00eddeos Not\u00edcias Contacto Inicio Pol\u00edtica de cookies<\/p>\n","protected":false},"author":2,"featured_media":0,"parent":0,"menu_order":12,"comment_status":"closed","ping_status":"closed","template":"","meta":{"_acf_changed":false,"footnotes":""},"class_list":["post-1039","page","type-page","status-publish","hentry"],"acf":[],"yoast_head":"<!-- This site is optimized with the Yoast SEO plugin v26.7 - https:\/\/yoast.com\/wordpress\/plugins\/seo\/ -->\n<title>Pol\u00edtica de cookies - Observat\u00f3rio da Juventude na Ibero-Am\u00e9rica (OJI)<\/title>\n<meta name=\"robots\" content=\"noindex, nofollow\" \/>\n<meta property=\"og:locale\" content=\"pt_BR\" \/>\n<meta property=\"og:type\" content=\"article\" \/>\n<meta property=\"og:title\" content=\"Pol\u00edtica de cookies - Observat\u00f3rio da Juventude na Ibero-Am\u00e9rica (OJI)\" \/>\n<meta property=\"og:description\" content=\"Sobre nosotros Decifrando a juventude Em foco Nossos estudos Outros estudos Biblioteca de v\u00eddeos Not\u00edcias Contacto Inicio Pol\u00edtica de cookies\" \/>\n<meta property=\"og:url\" content=\"https:\/\/oji.fundacion-sm.org\/pt-br\/politica-de-cookies\/\" \/>\n<meta property=\"og:site_name\" content=\"Observat\u00f3rio da Juventude na Ibero-Am\u00e9rica (OJI)\" \/>\n<meta property=\"article:modified_time\" content=\"2024-02-20T11:20:05+00:00\" \/>\n<meta property=\"og:image\" content=\"https:\/\/oji.fundacion-sm.org\/wp-content\/uploads\/sites\/4\/2023\/08\/logo_oji.png\" \/>\n<meta name=\"twitter:card\" content=\"summary_large_image\" \/>\n<script type=\"application\/ld+json\" class=\"yoast-schema-graph\">{\"@context\":\"https:\/\/schema.org\",\"@graph\":[{\"@type\":\"WebPage\",\"@id\":\"https:\/\/oji.fundacion-sm.org\/pt-br\/politica-de-cookies\/\",\"url\":\"https:\/\/oji.fundacion-sm.org\/pt-br\/politica-de-cookies\/\",\"name\":\"Pol\u00edtica de cookies - Observat\u00f3rio da Juventude na Ibero-Am\u00e9rica (OJI)\",\"isPartOf\":{\"@id\":\"https:\/\/oji.fundacion-sm.org\/pt-br\/#website\"},\"primaryImageOfPage\":{\"@id\":\"https:\/\/oji.fundacion-sm.org\/pt-br\/politica-de-cookies\/#primaryimage\"},\"image\":{\"@id\":\"https:\/\/oji.fundacion-sm.org\/pt-br\/politica-de-cookies\/#primaryimage\"},\"thumbnailUrl\":\"https:\/\/oji.fundacion-sm.org\/wp-content\/uploads\/sites\/4\/2023\/08\/logo_oji.png\",\"datePublished\":\"2023-08-07T10:00:47+00:00\",\"dateModified\":\"2024-02-20T11:20:05+00:00\",\"breadcrumb\":{\"@id\":\"https:\/\/oji.fundacion-sm.org\/pt-br\/politica-de-cookies\/#breadcrumb\"},\"inLanguage\":\"pt-BR\",\"potentialAction\":[{\"@type\":\"ReadAction\",\"target\":[\"https:\/\/oji.fundacion-sm.org\/pt-br\/politica-de-cookies\/\"]}]},{\"@type\":\"ImageObject\",\"inLanguage\":\"pt-BR\",\"@id\":\"https:\/\/oji.fundacion-sm.org\/pt-br\/politica-de-cookies\/#primaryimage\",\"url\":\"https:\/\/oji.fundacion-sm.org\/wp-content\/uploads\/sites\/4\/2023\/08\/logo_oji.png\",\"contentUrl\":\"https:\/\/oji.fundacion-sm.org\/wp-content\/uploads\/sites\/4\/2023\/08\/logo_oji.png\"},{\"@type\":\"BreadcrumbList\",\"@id\":\"https:\/\/oji.fundacion-sm.org\/pt-br\/politica-de-cookies\/#breadcrumb\",\"itemListElement\":[{\"@type\":\"ListItem\",\"position\":1,\"name\":\"Home\",\"item\":\"https:\/\/oji.fundacion-sm.org\/pt-br\/\"},{\"@type\":\"ListItem\",\"position\":2,\"name\":\"Pol\u00edtica de cookies\"}]},{\"@type\":\"WebSite\",\"@id\":\"https:\/\/oji.fundacion-sm.org\/pt-br\/#website\",\"url\":\"https:\/\/oji.fundacion-sm.org\/pt-br\/\",\"name\":\"Observat\u00f3rio da Juventude na Ibero-Am\u00e9rica (OJI)\",\"description\":\"Somos un programa de la Fundaci\u00f3n SM con vocaci\u00f3n de agrupar conocimiento, ser un lugar de referencia y servir de nexo de uni\u00f3n entre distintos observatorios y estudios sobre juventud e Iberoam\u00e9rica.\",\"publisher\":{\"@id\":\"https:\/\/oji.fundacion-sm.org\/pt-br\/#organization\"},\"potentialAction\":[{\"@type\":\"SearchAction\",\"target\":{\"@type\":\"EntryPoint\",\"urlTemplate\":\"https:\/\/oji.fundacion-sm.org\/pt-br\/?s={search_term_string}\"},\"query-input\":{\"@type\":\"PropertyValueSpecification\",\"valueRequired\":true,\"valueName\":\"search_term_string\"}}],\"inLanguage\":\"pt-BR\"},{\"@type\":\"Organization\",\"@id\":\"https:\/\/oji.fundacion-sm.org\/pt-br\/#organization\",\"name\":\"Fundaci\u00f3n SM\",\"url\":\"https:\/\/oji.fundacion-sm.org\/pt-br\/\",\"logo\":{\"@type\":\"ImageObject\",\"inLanguage\":\"pt-BR\",\"@id\":\"https:\/\/oji.fundacion-sm.org\/pt-br\/#\/schema\/logo\/image\/\",\"url\":\"https:\/\/oji.fundacion-sm.org\/wp-content\/uploads\/sites\/4\/2023\/10\/logotipo-fundacion-sm.png\",\"contentUrl\":\"https:\/\/oji.fundacion-sm.org\/wp-content\/uploads\/sites\/4\/2023\/10\/logotipo-fundacion-sm.png\",\"width\":447,\"height\":85,\"caption\":\"Fundaci\u00f3n SM\"},\"image\":{\"@id\":\"https:\/\/oji.fundacion-sm.org\/pt-br\/#\/schema\/logo\/image\/\"}}]}<\/script>\n<!-- \/ Yoast SEO plugin. -->","yoast_head_json":{"title":"Pol\u00edtica de cookies - Observat\u00f3rio da Juventude na Ibero-Am\u00e9rica (OJI)","robots":{"index":"noindex","follow":"nofollow"},"og_locale":"pt_BR","og_type":"article","og_title":"Pol\u00edtica de cookies - Observat\u00f3rio da Juventude na Ibero-Am\u00e9rica (OJI)","og_description":"Sobre nosotros Decifrando a juventude Em foco Nossos estudos Outros estudos Biblioteca de v\u00eddeos Not\u00edcias Contacto Inicio Pol\u00edtica de cookies","og_url":"https:\/\/oji.fundacion-sm.org\/pt-br\/politica-de-cookies\/","og_site_name":"Observat\u00f3rio da Juventude na Ibero-Am\u00e9rica (OJI)","article_modified_time":"2024-02-20T11:20:05+00:00","og_image":[{"url":"https:\/\/oji.fundacion-sm.org\/wp-content\/uploads\/sites\/4\/2023\/08\/logo_oji.png","type":"","width":"","height":""}],"twitter_card":"summary_large_image","schema":{"@context":"https:\/\/schema.org","@graph":[{"@type":"WebPage","@id":"https:\/\/oji.fundacion-sm.org\/pt-br\/politica-de-cookies\/","url":"https:\/\/oji.fundacion-sm.org\/pt-br\/politica-de-cookies\/","name":"Pol\u00edtica de cookies - Observat\u00f3rio da Juventude na Ibero-Am\u00e9rica (OJI)","isPartOf":{"@id":"https:\/\/oji.fundacion-sm.org\/pt-br\/#website"},"primaryImageOfPage":{"@id":"https:\/\/oji.fundacion-sm.org\/pt-br\/politica-de-cookies\/#primaryimage"},"image":{"@id":"https:\/\/oji.fundacion-sm.org\/pt-br\/politica-de-cookies\/#primaryimage"},"thumbnailUrl":"https:\/\/oji.fundacion-sm.org\/wp-content\/uploads\/sites\/4\/2023\/08\/logo_oji.png","datePublished":"2023-08-07T10:00:47+00:00","dateModified":"2024-02-20T11:20:05+00:00","breadcrumb":{"@id":"https:\/\/oji.fundacion-sm.org\/pt-br\/politica-de-cookies\/#breadcrumb"},"inLanguage":"pt-BR","potentialAction":[{"@type":"ReadAction","target":["https:\/\/oji.fundacion-sm.org\/pt-br\/politica-de-cookies\/"]}]},{"@type":"ImageObject","inLanguage":"pt-BR","@id":"https:\/\/oji.fundacion-sm.org\/pt-br\/politica-de-cookies\/#primaryimage","url":"https:\/\/oji.fundacion-sm.org\/wp-content\/uploads\/sites\/4\/2023\/08\/logo_oji.png","contentUrl":"https:\/\/oji.fundacion-sm.org\/wp-content\/uploads\/sites\/4\/2023\/08\/logo_oji.png"},{"@type":"BreadcrumbList","@id":"https:\/\/oji.fundacion-sm.org\/pt-br\/politica-de-cookies\/#breadcrumb","itemListElement":[{"@type":"ListItem","position":1,"name":"Home","item":"https:\/\/oji.fundacion-sm.org\/pt-br\/"},{"@type":"ListItem","position":2,"name":"Pol\u00edtica de cookies"}]},{"@type":"WebSite","@id":"https:\/\/oji.fundacion-sm.org\/pt-br\/#website","url":"https:\/\/oji.fundacion-sm.org\/pt-br\/","name":"Observat\u00f3rio da Juventude na Ibero-Am\u00e9rica (OJI)","description":"Somos un programa de la Fundaci\u00f3n SM con vocaci\u00f3n de agrupar conocimiento, ser un lugar de referencia y servir de nexo de uni\u00f3n entre distintos observatorios y estudios sobre juventud e Iberoam\u00e9rica.","publisher":{"@id":"https:\/\/oji.fundacion-sm.org\/pt-br\/#organization"},"potentialAction":[{"@type":"SearchAction","target":{"@type":"EntryPoint","urlTemplate":"https:\/\/oji.fundacion-sm.org\/pt-br\/?s={search_term_string}"},"query-input":{"@type":"PropertyValueSpecification","valueRequired":true,"valueName":"search_term_string"}}],"inLanguage":"pt-BR"},{"@type":"Organization","@id":"https:\/\/oji.fundacion-sm.org\/pt-br\/#organization","name":"Fundaci\u00f3n SM","url":"https:\/\/oji.fundacion-sm.org\/pt-br\/","logo":{"@type":"ImageObject","inLanguage":"pt-BR","@id":"https:\/\/oji.fundacion-sm.org\/pt-br\/#\/schema\/logo\/image\/","url":"https:\/\/oji.fundacion-sm.org\/wp-content\/uploads\/sites\/4\/2023\/10\/logotipo-fundacion-sm.png","contentUrl":"https:\/\/oji.fundacion-sm.org\/wp-content\/uploads\/sites\/4\/2023\/10\/logotipo-fundacion-sm.png","width":447,"height":85,"caption":"Fundaci\u00f3n SM"},"image":{"@id":"https:\/\/oji.fundacion-sm.org\/pt-br\/#\/schema\/logo\/image\/"}}]}},"_links":{"self":[{"href":"https:\/\/oji.fundacion-sm.org\/pt-br\/wp-json\/wp\/v2\/pages\/1039","targetHints":{"allow":["GET"]}}],"collection":[{"href":"https:\/\/oji.fundacion-sm.org\/pt-br\/wp-json\/wp\/v2\/pages"}],"about":[{"href":"https:\/\/oji.fundacion-sm.org\/pt-br\/wp-json\/wp\/v2\/types\/page"}],"author":[{"embeddable":true,"href":"https:\/\/oji.fundacion-sm.org\/pt-br\/wp-json\/wp\/v2\/users\/2"}],"replies":[{"embeddable":true,"href":"https:\/\/oji.fundacion-sm.org\/pt-br\/wp-json\/wp\/v2\/comments?post=1039"}],"version-history":[{"count":6,"href":"https:\/\/oji.fundacion-sm.org\/pt-br\/wp-json\/wp\/v2\/pages\/1039\/revisions"}],"predecessor-version":[{"id":4911,"href":"https:\/\/oji.fundacion-sm.org\/pt-br\/wp-json\/wp\/v2\/pages\/1039\/revisions\/4911"}],"wp:attachment":[{"href":"https:\/\/oji.fundacion-sm.org\/pt-br\/wp-json\/wp\/v2\/media?parent=1039"}],"curies":[{"name":"wp","href":"https:\/\/api.w.org\/{rel}","templated":true}]}}